{"id":20,"date":"2023-07-26T20:37:21","date_gmt":"2023-07-26T18:37:21","guid":{"rendered":"http:\/\/trontech.seiter.design\/?page_id=20"},"modified":"2023-09-21T22:19:42","modified_gmt":"2023-09-21T20:19:42","slug":"faq","status":"publish","type":"page","link":"https:\/\/trontech.de\/en\/faq\/","title":{"rendered":"FAQ"},"content":{"rendered":"\t\t<div data-elementor-type=\"wp-page\" data-elementor-id=\"20\" class=\"elementor elementor-20\" data-elementor-post-type=\"page\">\n\t\t\t\t<div class=\"elementor-element elementor-element-58249394 e-flex e-con-boxed e-con e-parent\" data-id=\"58249394\" data-element_type=\"container\" data-e-type=\"container\" data-settings=\"{&quot;background_background&quot;:&quot;classic&quot;}\">\n\t\t\t\t\t<div class=\"e-con-inner\">\n\t\t<div class=\"elementor-element elementor-element-4a7271a5 e-flex e-con-boxed e-con e-child\" data-id=\"4a7271a5\" data-element_type=\"container\" data-e-type=\"container\">\n\t\t\t\t\t<div class=\"e-con-inner\">\n\t\t<div class=\"elementor-element elementor-element-8154f3 e-con-full e-flex e-con e-child\" data-id=\"8154f3\" data-element_type=\"container\" data-e-type=\"container\">\n\t\t\t\t<div class=\"elementor-element elementor-element-6ef5487f elementor-widget__width-auto elementor-widget elementor-widget-heading\" data-id=\"6ef5487f\" data-element_type=\"widget\" data-e-type=\"widget\" data-widget_type=\"heading.default\">\n\t\t\t\t<div class=\"elementor-widget-container\">\n\t\t\t\t\t<h2 class=\"elementor-heading-title elementor-size-default\">FAQ<\/h2>\t\t\t\t<\/div>\n\t\t\t\t<\/div>\n\t\t\t\t<div class=\"elementor-element elementor-element-46a41de4 elementor-widget__width-auto elementor-widget elementor-widget-heading\" data-id=\"46a41de4\" data-element_type=\"widget\" data-e-type=\"widget\" data-widget_type=\"heading.default\">\n\t\t\t\t<div class=\"elementor-widget-container\">\n\t\t\t\t\t<h2 class=\"elementor-heading-title elementor-size-default\">H\u00e4ufig gestellte Fragen<\/h2>\t\t\t\t<\/div>\n\t\t\t\t<\/div>\n\t\t\t\t<\/div>\n\t\t\t\t<div class=\"elementor-element elementor-element-7dd9157a elementor-widget elementor-widget-text-editor\" data-id=\"7dd9157a\" data-element_type=\"widget\" data-e-type=\"widget\" data-widget_type=\"text-editor.default\">\n\t\t\t\t<div class=\"elementor-widget-container\">\n\t\t\t\t\t\t\t\t\t<p>Hier haben wir viele der uns am h\u00e4ufigsten gestellten Fragen beantwortet. Selbstverst\u00e4ndlich k\u00f6nnen Sie uns gerne auch jederzeit kontaktieren um Antworten auf Ihre Fragen zu erhalten.<\/p>\t\t\t\t\t\t\t\t<\/div>\n\t\t\t\t<\/div>\n\t\t<div class=\"elementor-element elementor-element-398d12f4 e-con-full e-flex e-con e-child\" data-id=\"398d12f4\" data-element_type=\"container\" data-e-type=\"container\">\n\t\t\t\t<div class=\"elementor-element elementor-element-2f49b9af elementor-widget__width-auto elementor-widget elementor-widget-button\" data-id=\"2f49b9af\" data-element_type=\"widget\" data-e-type=\"widget\" data-widget_type=\"button.default\">\n\t\t\t\t<div class=\"elementor-widget-container\">\n\t\t\t\t\t\t\t\t\t<div class=\"elementor-button-wrapper\">\n\t\t\t\t\t<a class=\"elementor-button elementor-button-link elementor-size-sm\" href=\"#\">\n\t\t\t\t\t\t<span class=\"elementor-button-content-wrapper\">\n\t\t\t\t\t\t<span class=\"elementor-button-icon\">\n\t\t\t\t<i aria-hidden=\"true\" class=\"icontrontech icon-trontechright\"><\/i>\t\t\t<\/span>\n\t\t\t\t\t\t\t\t\t<span class=\"elementor-button-text\">Kontakt Aufnehmen<\/span>\n\t\t\t\t\t<\/span>\n\t\t\t\t\t<\/a>\n\t\t\t\t<\/div>\n\t\t\t\t\t\t\t\t<\/div>\n\t\t\t\t<\/div>\n\t\t\t\t<div class=\"elementor-element elementor-element-6886501a elementor-widget__width-auto elementor-widget elementor-widget-button\" data-id=\"6886501a\" data-element_type=\"widget\" data-e-type=\"widget\" data-widget_type=\"button.default\">\n\t\t\t\t<div class=\"elementor-widget-container\">\n\t\t\t\t\t\t\t\t\t<div class=\"elementor-button-wrapper\">\n\t\t\t\t\t<a class=\"elementor-button elementor-button-link elementor-size-sm\" href=\"#\">\n\t\t\t\t\t\t<span class=\"elementor-button-content-wrapper\">\n\t\t\t\t\t\t<span class=\"elementor-button-icon\">\n\t\t\t\t<i aria-hidden=\"true\" class=\"icontrontech icon-trontechright\"><\/i>\t\t\t<\/span>\n\t\t\t\t\t\t\t\t\t<span class=\"elementor-button-text\">Zu den Antworten<\/span>\n\t\t\t\t\t<\/span>\n\t\t\t\t\t<\/a>\n\t\t\t\t<\/div>\n\t\t\t\t\t\t\t\t<\/div>\n\t\t\t\t<\/div>\n\t\t\t\t<\/div>\n\t\t\t\t\t<\/div>\n\t\t\t\t<\/div>\n\t\t\t\t\t<\/div>\n\t\t\t\t<\/div>\n\t\t<div class=\"elementor-element elementor-element-575ce6c e-flex e-con-boxed e-con e-parent\" data-id=\"575ce6c\" data-element_type=\"container\" data-e-type=\"container\" data-settings=\"{&quot;background_background&quot;:&quot;classic&quot;}\">\n\t\t\t\t\t<div class=\"e-con-inner\">\n\t\t<div class=\"elementor-element elementor-element-458742a e-con-full e-flex e-con e-child\" data-id=\"458742a\" data-element_type=\"container\" data-e-type=\"container\">\n\t\t<div class=\"elementor-element elementor-element-fb1b3f7 e-con-full e-flex e-con e-child\" data-id=\"fb1b3f7\" data-element_type=\"container\" data-e-type=\"container\" data-settings=\"{&quot;sticky&quot;:&quot;top&quot;,&quot;sticky_offset&quot;:150,&quot;sticky_parent&quot;:&quot;yes&quot;,&quot;sticky_on&quot;:[&quot;desktop&quot;,&quot;laptop&quot;,&quot;tablet&quot;],&quot;sticky_offset_tablet&quot;:100,&quot;sticky_offset_mobile_extra&quot;:80,&quot;sticky_effects_offset&quot;:0,&quot;sticky_anchor_link_offset&quot;:0}\">\n\t\t<div class=\"elementor-element elementor-element-8c9324a e-con-full e-flex e-con e-child\" data-id=\"8c9324a\" data-element_type=\"container\" data-e-type=\"container\" data-settings=\"{&quot;background_background&quot;:&quot;classic&quot;}\">\n\t\t\t\t<div class=\"elementor-element elementor-element-be6594f elementor-widget elementor-widget-wpgb-facet\" data-id=\"be6594f\" data-element_type=\"widget\" data-e-type=\"widget\" data-widget_type=\"wpgb-facet.default\">\n\t\t\t\t<div class=\"elementor-widget-container\">\n\t\t\t\t\t<div class=\"wpgb-facet wpgb-loading wpgb-facet-1\" data-facet=\"1\" data-grid=\"elementor-element-ccbe3cd\">\t<fieldset>\n\t\t<legend class=\"wpgb-facet-title wpgb-sr-only\">Trontech FAQ Search<\/legend>\n\t\t<div class=\"wpgb-search-facet\"><label>\n\t\t\t\t<span class=\"wpgb-sr-only\">Search content<\/span>\n\t\t\t\t<input class=\"wpgb-input\" type=\"search\" name=\"trontech_faq_search\" placeholder=\"Suche...\" value=\"\" autocomplete=\"off\">\n\t\t\t\t<svg class=\"wpgb-input-icon\" viewBox=\"0 0 24 24\" height=\"16\" width=\"16\" aria-hidden=\"true\" focusable=\"false\"><path fill=\"currentColor\" d=\"M18.932 16.845a10.206 10.206 0 0 0 2.087-6.261A10.5 10.5 0 0 0 10.584 0a10.584 10.584 0 0 0 0 21.168 9.9 9.9 0 0 0 6.261-2.087l4.472 4.472a1.441 1.441 0 0 0 2.087 0 1.441 1.441 0 0 0 0-2.087zm-8.348 1.193a7.508 7.508 0 0 1-7.6-7.453 7.6 7.6 0 0 1 15.2 0 7.508 7.508 0 0 1-7.6 7.452z\"><\/path><\/svg>\n\t\t\t<\/label><button type=\"button\" class=\"wpgb-clear-button\" hidden><span class=\"wpgb-sr-only\">Clear<\/span><svg viewBox=\"0 0 20 20\" height=\"20\" width=\"100%\" aria-hidden=\"true\" focusable=\"false\"><path fill=\"currentColor\" d=\"M12.549 14.737l-2.572-2.958-2.57 2.958a1.2 1.2 0 01-1.812-1.574L8.387 9.95 5.594 6.737a1.2 1.2 0 01.119-1.693 1.2 1.2 0 011.693.119l2.571 2.958 2.571-2.958a1.2 1.2 0 011.693-.119 1.2 1.2 0 01.119 1.693L11.567 9.95l2.793 3.213a1.2 1.2 0 11-1.811 1.574z\"><\/path><\/svg><\/button><\/div>\t<\/fieldset>\n\t<\/div>\t\t\t\t<\/div>\n\t\t\t\t<\/div>\n\t\t\t\t<div class=\"elementor-element elementor-element-ddec838 elementor-widget elementor-widget-wpgb-facet\" data-id=\"ddec838\" data-element_type=\"widget\" data-e-type=\"widget\" data-widget_type=\"wpgb-facet.default\">\n\t\t\t\t<div class=\"elementor-widget-container\">\n\t\t\t\t\t<div class=\"wpgb-facet wpgb-loading wpgb-facet-2\" data-facet=\"2\" data-grid=\"elementor-element-ccbe3cd\">\t<fieldset>\n\t\t<legend class=\"wpgb-facet-title wpgb-sr-only\">Trontech FAQ Filter<\/legend>\n\t\t<div class=\"wpgb-checkbox-facet\"><ul class=\"wpgb-hierarchical-list\"><li><div class=\"wpgb-checkbox\" role=\"button\" aria-pressed=\"false\" tabindex=\"0\"><input type=\"hidden\" name=\"trontech_faq_filter[]\" value=\"entwicklung\"><span class=\"wpgb-checkbox-control\"><\/span><span class=\"wpgb-checkbox-label\">Entwicklung<\/span><\/div><\/li><li><div class=\"wpgb-checkbox\" role=\"button\" aria-pressed=\"false\" tabindex=\"0\"><input type=\"hidden\" name=\"trontech_faq_filter[]\" value=\"kosten-und-dauer\"><span class=\"wpgb-checkbox-control\"><\/span><span class=\"wpgb-checkbox-label\">Kosten und Dauer<\/span><\/div><\/li><li><div class=\"wpgb-checkbox\" role=\"button\" aria-pressed=\"false\" tabindex=\"0\"><input type=\"hidden\" name=\"trontech_faq_filter[]\" value=\"mechanik\"><span class=\"wpgb-checkbox-control\"><\/span><span class=\"wpgb-checkbox-label\">Mechanik<\/span><\/div><\/li><li><div class=\"wpgb-checkbox\" role=\"button\" aria-pressed=\"false\" tabindex=\"0\"><input type=\"hidden\" name=\"trontech_faq_filter[]\" value=\"produktion\"><span class=\"wpgb-checkbox-control\"><\/span><span class=\"wpgb-checkbox-label\">Produktion<\/span><\/div><\/li><\/ul><\/div>\t<\/fieldset>\n\t<\/div>\t\t\t\t<\/div>\n\t\t\t\t<\/div>\n\t\t\t\t<div class=\"elementor-element elementor-element-46c434d elementor-widget elementor-widget-wpgb-facet\" data-id=\"46c434d\" data-element_type=\"widget\" data-e-type=\"widget\" data-widget_type=\"wpgb-facet.default\">\n\t\t\t\t<div class=\"elementor-widget-container\">\n\t\t\t\t\t<div class=\"wpgb-facet wpgb-loading wpgb-facet-3\" data-facet=\"3\" data-grid=\"elementor-element-ccbe3cd\"><button type=\"button\" class=\"wpgb-button wpgb-reset\" name=\"reset\">Zur\u00fccksetzen<\/button><\/div>\t\t\t\t<\/div>\n\t\t\t\t<\/div>\n\t\t\t\t<\/div>\n\t\t\t\t<\/div>\n\t\t<div class=\"elementor-element elementor-element-862bacb e-con-full e-flex e-con e-child\" data-id=\"862bacb\" data-element_type=\"container\" data-e-type=\"container\">\n\t\t\t\t<div class=\"wp-grid-builder wpgb-template elementor-element elementor-element-ccbe3cd elementor-grid-1 elementor-grid-tablet-1 elementor-grid-mobile-1 elementor-widget elementor-widget-loop-grid\" data-options=\"{&quot;itemSelector&quot;:&quot;.elementor-loop-container &gt; *:not(style)&quot;,&quot;isMainQuery&quot;:false,&quot;id&quot;:&quot;elementor-element-ccbe3cd&quot;,&quot;postId&quot;:20,&quot;isTemplate&quot;:&quot;Elementor&quot;}\" data-id=\"ccbe3cd\" data-element_type=\"widget\" data-e-type=\"widget\" data-settings=\"{&quot;template_id&quot;:667,&quot;columns&quot;:1,&quot;row_gap&quot;:{&quot;unit&quot;:&quot;px&quot;,&quot;size&quot;:10,&quot;sizes&quot;:[]},&quot;columns_tablet&quot;:1,&quot;_skin&quot;:&quot;post&quot;,&quot;columns_mobile&quot;:&quot;1&quot;,&quot;edit_handle_selector&quot;:&quot;[data-elementor-type=\\&quot;loop-item\\&quot;]&quot;,&quot;row_gap_laptop&quot;:{&quot;unit&quot;:&quot;px&quot;,&quot;size&quot;:&quot;&quot;,&quot;sizes&quot;:[]},&quot;row_gap_tablet&quot;:{&quot;unit&quot;:&quot;px&quot;,&quot;size&quot;:&quot;&quot;,&quot;sizes&quot;:[]},&quot;row_gap_mobile_extra&quot;:{&quot;unit&quot;:&quot;px&quot;,&quot;size&quot;:&quot;&quot;,&quot;sizes&quot;:[]},&quot;row_gap_mobile&quot;:{&quot;unit&quot;:&quot;px&quot;,&quot;size&quot;:&quot;&quot;,&quot;sizes&quot;:[]}}\" data-widget_type=\"loop-grid.post\">\n\t\t\t\t<div class=\"elementor-widget-container\">\n\t\t\t\t\t\t\t<div class=\"elementor-loop-container elementor-grid\" role=\"list\">\n\t\t<style id=\"loop-667\">.elementor-667 .elementor-element.elementor-element-c95ec3f{--display:flex;--margin-top:0px;--margin-bottom:0px;--margin-left:0px;--margin-right:0px;--padding-top:0px;--padding-bottom:0px;--padding-left:0px;--padding-right:0px;}.elementor-667 .elementor-element.elementor-element-8908746{--display:flex;--margin-top:0px;--margin-bottom:0px;--margin-left:0px;--margin-right:0px;--padding-top:0px;--padding-bottom:10px;--padding-left:20px;--padding-right:30px;}.elementor-667 .elementor-element.elementor-element-baa74e5{--display:flex;--flex-direction:column;--container-widget-width:100%;--container-widget-height:initial;--container-widget-flex-grow:0;--container-widget-align-self:initial;--flex-wrap-mobile:wrap;--margin-top:0px;--margin-bottom:0px;--margin-left:0px;--margin-right:0px;--padding-top:0px;--padding-bottom:0px;--padding-left:0px;--padding-right:0px;}.elementor-widget-theme-post-content{color:var( --e-global-color-text );font-family:var( --e-global-typography-text-font-family ), Sans-serif;font-size:var( --e-global-typography-text-font-size );font-weight:var( --e-global-typography-text-font-weight );}.elementor-667 .elementor-element.elementor-element-1120360{--n-accordion-title-justify-content:initial;--n-accordion-title-flex-grow:initial;--n-accordion-title-icon-order:-1;--n-accordion-title-font-size:1rem;--n-accordion-item-title-space-between:0px;--n-accordion-item-title-distance-from-content:0px;--n-accordion-icon-size:22px;}.elementor-667 .elementor-element.elementor-element-1120360 > .elementor-widget-container > .e-n-accordion > .e-n-accordion-item > .e-n-accordion-item-title{background-color:var( --e-global-color-37dc140 );border-style:none;}.elementor-667 .elementor-element.elementor-element-1120360 {--n-accordion-padding:20px 20px 20px 20px;}:where( .elementor-667 .elementor-element.elementor-element-1120360 > .elementor-widget-container > .e-n-accordion > .e-n-accordion-item ) > .e-con{background-color:var( --e-global-color-37dc140 );border-style:none;--border-radius:0px 0px 0px 0px;--padding-top:0px;--padding-right:0px;--padding-bottom:0px;--padding-left:0px;}@media(max-width:1330px){.elementor-widget-theme-post-content{font-size:var( --e-global-typography-text-font-size );}}@media(max-width:1048px){.elementor-widget-theme-post-content{font-size:var( --e-global-typography-text-font-size );}}@media(max-width:650px){.elementor-widget-theme-post-content{font-size:var( --e-global-typography-text-font-size );}}<\/style>\t\t<div data-elementor-type=\"loop-item\" data-elementor-id=\"667\" class=\"elementor elementor-667 e-loop-item e-loop-item-666 post-666 faq type-faq status-publish hentry faq-thema-kosten-und-dauer faq-thema-mechanik faq-thema-produktion\" data-elementor-post-type=\"elementor_library\" data-custom-edit-handle=\"1\">\n\t\t\t<div class=\"elementor-element elementor-element-c95ec3f e-con-full e-flex e-con e-parent\" data-id=\"c95ec3f\" data-element_type=\"container\" data-e-type=\"container\">\n\t\t\t\t<div class=\"elementor-element elementor-element-1120360 elementor-widget elementor-widget-n-accordion\" data-id=\"1120360\" data-element_type=\"widget\" data-e-type=\"widget\" data-settings=\"{&quot;default_state&quot;:&quot;all_collapsed&quot;,&quot;max_items_expended&quot;:&quot;one&quot;,&quot;n_accordion_animation_duration&quot;:{&quot;unit&quot;:&quot;ms&quot;,&quot;size&quot;:400,&quot;sizes&quot;:[]}}\" data-widget_type=\"nested-accordion.default\">\n\t\t\t\t<div class=\"elementor-widget-container\">\n\t\t\t\t\t\t\t<div class=\"e-n-accordion\" aria-label=\"Accordion. Open links with Enter or Space, close with Escape, and navigate with Arrow Keys\">\n\t\t\t\t\t\t<details id=\"e-n-accordion-item-1790\" class=\"e-n-accordion-item\" >\n\t\t\t\t<summary class=\"e-n-accordion-item-title\" data-accordion-index=\"1\" tabindex=\"0\" aria-expanded=\"false\" aria-controls=\"e-n-accordion-item-1790\" >\n\t\t\t\t\t<span class='e-n-accordion-item-title-header'><div class=\"e-n-accordion-item-title-text\"> Welche mechanischen Entwicklungen k\u00f6nnen Sie abbilden? <\/div><\/span>\n\t\t\t\t\t\t\t\t\t<\/summary>\n\t\t\t\t<div role=\"region\" aria-labelledby=\"e-n-accordion-item-1790\" class=\"elementor-element elementor-element-8908746 e-con-full e-flex e-con e-parent\" data-id=\"8908746\" data-element_type=\"container\" data-e-type=\"container\">\n\t\t<div role=\"region\" aria-labelledby=\"e-n-accordion-item-1790\" class=\"elementor-element elementor-element-baa74e5 e-con-full e-flex e-con e-child\" data-id=\"baa74e5\" data-element_type=\"container\" data-e-type=\"container\">\n\t\t\t\t<div class=\"elementor-element elementor-element-fa067cb elementor-widget elementor-widget-theme-post-content\" data-id=\"fa067cb\" data-element_type=\"widget\" data-e-type=\"widget\" data-widget_type=\"theme-post-content.default\">\n\t\t\t\t<div class=\"elementor-widget-container\">\n\t\t\t\t\t\n<p>Inhouse-Elektronikentwicklung ist mit einem hohe Bedarf an Expertise, Ressourcen und Kostendruck verbunden, um mit den komplexen technologischen Anforderungen und dem schnellen Fortschritt in der Elektronikbranche Schritt halten zu k\u00f6nnen.<\/p>\n\t\t\t\t<\/div>\n\t\t\t\t<\/div>\n\t\t\t\t<\/div>\n\t\t\t\t<\/div>\n\t\t\t\t\t<\/details>\n\t\t\t\t\t<\/div>\n\t\t\t\t\t\t<\/div>\n\t\t\t\t<\/div>\n\t\t\t\t<\/div>\n\t\t\t\t<\/div>\n\t\t\t\t<div data-elementor-type=\"loop-item\" data-elementor-id=\"667\" class=\"elementor elementor-667 e-loop-item e-loop-item-662 post-662 faq type-faq status-publish hentry faq-thema-entwicklung faq-thema-kosten-und-dauer faq-thema-produktion\" data-elementor-post-type=\"elementor_library\" data-custom-edit-handle=\"1\">\n\t\t\t<div class=\"elementor-element elementor-element-c95ec3f e-con-full e-flex e-con e-parent\" data-id=\"c95ec3f\" data-element_type=\"container\" data-e-type=\"container\">\n\t\t\t\t<div class=\"elementor-element elementor-element-1120360 elementor-widget elementor-widget-n-accordion\" data-id=\"1120360\" data-element_type=\"widget\" data-e-type=\"widget\" data-settings=\"{&quot;default_state&quot;:&quot;all_collapsed&quot;,&quot;max_items_expended&quot;:&quot;one&quot;,&quot;n_accordion_animation_duration&quot;:{&quot;unit&quot;:&quot;ms&quot;,&quot;size&quot;:400,&quot;sizes&quot;:[]}}\" data-widget_type=\"nested-accordion.default\">\n\t\t\t\t<div class=\"elementor-widget-container\">\n\t\t\t\t\t\t\t<div class=\"e-n-accordion\" aria-label=\"Accordion. Open links with Enter or Space, close with Escape, and navigate with Arrow Keys\">\n\t\t\t\t\t\t<details id=\"e-n-accordion-item-1790\" class=\"e-n-accordion-item\" >\n\t\t\t\t<summary class=\"e-n-accordion-item-title\" data-accordion-index=\"1\" tabindex=\"0\" aria-expanded=\"false\" aria-controls=\"e-n-accordion-item-1790\" >\n\t\t\t\t\t<span class='e-n-accordion-item-title-header'><div class=\"e-n-accordion-item-title-text\"> Was kostet die Entwicklung meiner Elektroniken? <\/div><\/span>\n\t\t\t\t\t\t\t\t\t<\/summary>\n\t\t\t\t<div role=\"region\" aria-labelledby=\"e-n-accordion-item-1790\" class=\"elementor-element elementor-element-8908746 e-con-full e-flex e-con e-parent\" data-id=\"8908746\" data-element_type=\"container\" data-e-type=\"container\">\n\t\t<div role=\"region\" aria-labelledby=\"e-n-accordion-item-1790\" class=\"elementor-element elementor-element-baa74e5 e-con-full e-flex e-con e-child\" data-id=\"baa74e5\" data-element_type=\"container\" data-e-type=\"container\">\n\t\t\t\t<div class=\"elementor-element elementor-element-fa067cb elementor-widget elementor-widget-theme-post-content\" data-id=\"fa067cb\" data-element_type=\"widget\" data-e-type=\"widget\" data-widget_type=\"theme-post-content.default\">\n\t\t\t\t<div class=\"elementor-widget-container\">\n\t\t\t\t\t\n<p>Inhouse-Elektronikentwicklung ist mit einem hohe Bedarf an Expertise, Ressourcen und Kostendruck verbunden, um mit den komplexen technologischen Anforderungen und dem schnellen Fortschritt in der Elektronikbranche Schritt halten zu k\u00f6nnen.<\/p>\n\t\t\t\t<\/div>\n\t\t\t\t<\/div>\n\t\t\t\t<\/div>\n\t\t\t\t<\/div>\n\t\t\t\t\t<\/details>\n\t\t\t\t\t<\/div>\n\t\t\t\t\t\t<\/div>\n\t\t\t\t<\/div>\n\t\t\t\t<\/div>\n\t\t\t\t<\/div>\n\t\t\t\t<div data-elementor-type=\"loop-item\" data-elementor-id=\"667\" class=\"elementor elementor-667 e-loop-item e-loop-item-659 post-659 faq type-faq status-publish hentry faq-thema-entwicklung faq-thema-kosten-und-dauer faq-thema-produktion\" data-elementor-post-type=\"elementor_library\" data-custom-edit-handle=\"1\">\n\t\t\t<div class=\"elementor-element elementor-element-c95ec3f e-con-full e-flex e-con e-parent\" data-id=\"c95ec3f\" data-element_type=\"container\" data-e-type=\"container\">\n\t\t\t\t<div class=\"elementor-element elementor-element-1120360 elementor-widget elementor-widget-n-accordion\" data-id=\"1120360\" data-element_type=\"widget\" data-e-type=\"widget\" data-settings=\"{&quot;default_state&quot;:&quot;all_collapsed&quot;,&quot;max_items_expended&quot;:&quot;one&quot;,&quot;n_accordion_animation_duration&quot;:{&quot;unit&quot;:&quot;ms&quot;,&quot;size&quot;:400,&quot;sizes&quot;:[]}}\" data-widget_type=\"nested-accordion.default\">\n\t\t\t\t<div class=\"elementor-widget-container\">\n\t\t\t\t\t\t\t<div class=\"e-n-accordion\" aria-label=\"Accordion. Open links with Enter or Space, close with Escape, and navigate with Arrow Keys\">\n\t\t\t\t\t\t<details id=\"e-n-accordion-item-1790\" class=\"e-n-accordion-item\" >\n\t\t\t\t<summary class=\"e-n-accordion-item-title\" data-accordion-index=\"1\" tabindex=\"0\" aria-expanded=\"false\" aria-controls=\"e-n-accordion-item-1790\" >\n\t\t\t\t\t<span class='e-n-accordion-item-title-header'><div class=\"e-n-accordion-item-title-text\"> Wie lange dauert die Entwicklung meiner Elektroniken? <\/div><\/span>\n\t\t\t\t\t\t\t\t\t<\/summary>\n\t\t\t\t<div role=\"region\" aria-labelledby=\"e-n-accordion-item-1790\" class=\"elementor-element elementor-element-8908746 e-con-full e-flex e-con e-parent\" data-id=\"8908746\" data-element_type=\"container\" data-e-type=\"container\">\n\t\t<div role=\"region\" aria-labelledby=\"e-n-accordion-item-1790\" class=\"elementor-element elementor-element-baa74e5 e-con-full e-flex e-con e-child\" data-id=\"baa74e5\" data-element_type=\"container\" data-e-type=\"container\">\n\t\t\t\t<div class=\"elementor-element elementor-element-fa067cb elementor-widget elementor-widget-theme-post-content\" data-id=\"fa067cb\" data-element_type=\"widget\" data-e-type=\"widget\" data-widget_type=\"theme-post-content.default\">\n\t\t\t\t<div class=\"elementor-widget-container\">\n\t\t\t\t\t\n<p>Inhouse-Elektronikentwicklung ist mit einem hohe Bedarf an Expertise, Ressourcen und Kostendruck verbunden, um mit den komplexen technologischen Anforderungen und dem schnellen Fortschritt in der Elektronikbranche Schritt halten zu k\u00f6nnen.<\/p>\n\t\t\t\t<\/div>\n\t\t\t\t<\/div>\n\t\t\t\t<\/div>\n\t\t\t\t<\/div>\n\t\t\t\t\t<\/details>\n\t\t\t\t\t<\/div>\n\t\t\t\t\t\t<\/div>\n\t\t\t\t<\/div>\n\t\t\t\t<\/div>\n\t\t\t\t<\/div>\n\t\t\t\t<\/div>\n\t\t\n\t\t\t\t\t\t<\/div>\n\t\t\t\t<\/div>\n\t\t\t\t<\/div>\n\t\t\t\t<\/div>\n\t\t\t\t\t<\/div>\n\t\t\t\t<\/div>\n\t\t\t\t<\/div>\n\t\t","protected":false},"excerpt":{"rendered":"<p>FAQ H\u00e4ufig gestellte Fragen Hier haben wir viele der uns am h\u00e4ufigsten gestellten Fragen beantwortet. Selbstverst\u00e4ndlich k\u00f6nnen Sie uns gerne auch jederzeit kontaktieren um Antworten auf Ihre Fragen zu erhalten. Kontakt Aufnehmen Zu den Antworten Trontech FAQ Search Search content Clear Trontech FAQ Filter Entwicklung Kosten und Dauer Mechanik Produktion Zur\u00fccksetzen<\/p>","protected":false},"author":1,"featured_media":0,"parent":0,"menu_order":0,"comment_status":"closed","ping_status":"closed","template":"elementor_header_footer","meta":{"_acf_changed":false,"footnotes":""},"class_list":["post-20","page","type-page","status-publish","hentry"],"acf":[],"_links":{"self":[{"href":"https:\/\/trontech.de\/en\/wp-json\/wp\/v2\/pages\/20","targetHints":{"allow":["GET"]}}],"collection":[{"href":"https:\/\/trontech.de\/en\/wp-json\/wp\/v2\/pages"}],"about":[{"href":"https:\/\/trontech.de\/en\/wp-json\/wp\/v2\/types\/page"}],"author":[{"embeddable":true,"href":"https:\/\/trontech.de\/en\/wp-json\/wp\/v2\/users\/1"}],"replies":[{"embeddable":true,"href":"https:\/\/trontech.de\/en\/wp-json\/wp\/v2\/comments?post=20"}],"version-history":[{"count":10,"href":"https:\/\/trontech.de\/en\/wp-json\/wp\/v2\/pages\/20\/revisions"}],"predecessor-version":[{"id":1879,"href":"https:\/\/trontech.de\/en\/wp-json\/wp\/v2\/pages\/20\/revisions\/1879"}],"wp:attachment":[{"href":"https:\/\/trontech.de\/en\/wp-json\/wp\/v2\/media?parent=20"}],"curies":[{"name":"wp","href":"https:\/\/api.w.org\/{rel}","templated":true}]}}